{"id":1255,"date":"2023-08-28T07:05:28","date_gmt":"2023-08-28T05:05:28","guid":{"rendered":"https:\/\/psychodietetique.fr\/?page_id=1255"},"modified":"2026-04-22T10:34:32","modified_gmt":"2026-04-22T08:34:32","slug":"podcast-mince-alors","status":"publish","type":"page","link":"https:\/\/psychodietetique.fr\/index.php\/podcast-mince-alors\/","title":{"rendered":"Le podcast Mince Alors !"},"content":{"rendered":"\t\t<div data-elementor-type=\"wp-page\" data-elementor-id=\"1255\" class=\"elementor elementor-1255\">\n\t\t\t\t\t\t<section class=\"elementor-section elementor-top-section elementor-element elementor-element-d2eb578 elementor-section-boxed elementor-section-height-default elementor-section-height-default wpr-particle-no wpr-jarallax-no wpr-parallax-no wpr-sticky-section-no wpr-equal-height-no\" data-id=\"d2eb578\" data-element_type=\"section\">\n\t\t\t\t\t\t<div class=\"elementor-container elementor-column-gap-default\">\n\t\t\t\t\t<div class=\"elementor-column elementor-col-100 elementor-top-column elementor-element elementor-element-1dd1a16\" data-id=\"1dd1a16\" data-element_type=\"column\">\n\t\t\t<div class=\"elementor-widget-wrap elementor-element-populated\">\n\t\t\t\t\t\t<div class=\"elementor-element elementor-element-2e70e1d elementor-widget elementor-widget-heading\" data-id=\"2e70e1d\" data-element_type=\"widget\" data-widget_type=\"heading.default\">\n\t\t\t\t<div class=\"elementor-widget-container\">\n\t\t\t\t\t<h1 class=\"elementor-heading-title elementor-size-default\">Mince Alors ! - Le Podcast<\/h1>\t\t\t\t<\/div>\n\t\t\t\t<\/div>\n\t\t\t\t\t<\/div>\n\t\t<\/div>\n\t\t\t\t\t<\/div>\n\t\t<\/section>\n\t\t\t\t<section class=\"elementor-section elementor-top-section elementor-element elementor-element-ad5eefe elementor-section-boxed elementor-section-height-default elementor-section-height-default wpr-particle-no wpr-jarallax-no wpr-parallax-no wpr-sticky-section-no wpr-equal-height-no\" data-id=\"ad5eefe\" data-element_type=\"section\">\n\t\t\t\t\t\t<div class=\"elementor-container elementor-column-gap-default\">\n\t\t\t\t\t<div class=\"elementor-column elementor-col-50 elementor-top-column elementor-element elementor-element-8e6ad68\" data-id=\"8e6ad68\" data-element_type=\"column\">\n\t\t\t<div class=\"elementor-widget-wrap elementor-element-populated\">\n\t\t\t\t\t\t<div class=\"elementor-element elementor-element-8c70154 elementor-widget elementor-widget-text-editor\" data-id=\"8c70154\" data-element_type=\"widget\" data-widget_type=\"text-editor.default\">\n\t\t\t\t<div class=\"elementor-widget-container\">\n\t\t\t\t\t\t\t\t\t<p>Le podcast Mince Alors ! est pour tous ceux qui souhaitent mincir durablement sans r\u00e9gime, sans effets yoyo et sans frustrations.<\/p>\n<p>Avec <a href=\"https:\/\/psychodietetique.fr\/index.php\/la-psycho-nutrition\/\">mon approche<\/a> holistique, je vous accompagne afin que vous puissiez am\u00e9liorer votre relation \u00e0 l\u2019alimentation et trouver ou retrouver votre poids d\u2019\u00e9quilibre ainsi qu&#8217;\u00e0 vous sentir pleinement \u00e9panouies dans votre corps.<\/p>\n<p>Vous pouvez me retrouver sur votre plateforme pr\u00e9f\u00e9r\u00e9e.<\/p>\t\t\t\t\t\t\t\t<\/div>\n\t\t\t\t<\/div>\n\t\t\t\t<div class=\"elementor-element elementor-element-47f388f elementor-align-center elementor-widget elementor-widget-button\" data-id=\"47f388f\" data-element_type=\"widget\" data-widget_type=\"button.default\">\n\t\t\t\t<div class=\"elementor-widget-container\">\n\t\t\t\t\t\t\t\t\t<div class=\"elementor-button-wrapper\">\n\t\t\t\t\t<a class=\"elementor-button elementor-button-link elementor-size-sm elementor-animation-grow\" href=\"https:\/\/open.spotify.com\/show\/09O8SwekZkKebO438siS39?si=5aef4d16618d4dba&#038;nd=1\" target=\"_blank\">\n\t\t\t\t\t\t<span class=\"elementor-button-content-wrapper\">\n\t\t\t\t\t\t\t\t\t<span class=\"elementor-button-text\">Tous les episodes<\/span>\n\t\t\t\t\t<\/span>\n\t\t\t\t\t<\/a>\n\t\t\t\t<\/div>\n\t\t\t\t\t\t\t\t<\/div>\n\t\t\t\t<\/div>\n\t\t\t\t\t<\/div>\n\t\t<\/div>\n\t\t\t\t<div class=\"elementor-column elementor-col-50 elementor-top-column elementor-element elementor-element-1ca0c95\" data-id=\"1ca0c95\" data-element_type=\"column\">\n\t\t\t<div class=\"elementor-widget-wrap elementor-element-populated\">\n\t\t\t\t\t\t<div class=\"elementor-element elementor-element-723ae7a elementor-widget elementor-widget-image\" data-id=\"723ae7a\" data-element_type=\"widget\" data-widget_type=\"image.default\">\n\t\t\t\t<div class=\"elementor-widget-container\">\n\t\t\t\t\t\t\t\t\t\t\t\t\t\t\t\t<a href=\"https:\/\/open.spotify.com\/show\/09O8SwekZkKebO438siS39?si=5aef4d16618d4dba&#038;nd=1\" target=\"_blank\">\n\t\t\t\t\t\t\t<img fetchpriority=\"high\" decoding=\"async\" width=\"1024\" height=\"1024\" src=\"https:\/\/psychodietetique.fr\/wp-content\/uploads\/2023\/08\/Alors--1024x1024.jpg\" class=\"attachment-large size-large wp-image-1408\" alt=\"Mnce alors ! le podcast\" srcset=\"https:\/\/psychodietetique.fr\/wp-content\/uploads\/2023\/08\/Alors--1024x1024.jpg 1024w, https:\/\/psychodietetique.fr\/wp-content\/uploads\/2023\/08\/Alors--300x300.jpg 300w, https:\/\/psychodietetique.fr\/wp-content\/uploads\/2023\/08\/Alors--150x150.jpg 150w, https:\/\/psychodietetique.fr\/wp-content\/uploads\/2023\/08\/Alors--768x768.jpg 768w, https:\/\/psychodietetique.fr\/wp-content\/uploads\/2023\/08\/Alors--600x600.jpg 600w, https:\/\/psychodietetique.fr\/wp-content\/uploads\/2023\/08\/Alors-.jpg 1400w\" sizes=\"(max-width: 1024px) 100vw, 1024px\" \/>\t\t\t\t\t\t\t\t<\/a>\n\t\t\t\t\t\t\t\t\t\t\t\t\t\t\t<\/div>\n\t\t\t\t<\/div>\n\t\t\t\t\t<\/div>\n\t\t<\/div>\n\t\t\t\t\t<\/div>\n\t\t<\/section>\n\t\t\t\t<section class=\"elementor-section elementor-top-section elementor-element elementor-element-5cca02b elementor-section-boxed elementor-section-height-default elementor-section-height-default wpr-particle-no wpr-jarallax-no wpr-parallax-no wpr-sticky-section-no wpr-equal-height-no\" data-id=\"5cca02b\" data-element_type=\"section\">\n\t\t\t\t\t\t<div class=\"elementor-container elementor-column-gap-default\">\n\t\t\t\t\t<div class=\"elementor-column elementor-col-100 elementor-top-column elementor-element elementor-element-6c12fe6\" data-id=\"6c12fe6\" data-element_type=\"column\">\n\t\t\t<div class=\"elementor-widget-wrap elementor-element-populated\">\n\t\t\t\t\t\t<div class=\"elementor-element elementor-element-ce209a4 elementor-widget elementor-widget-heading\" data-id=\"ce209a4\" data-element_type=\"widget\" data-widget_type=\"heading.default\">\n\t\t\t\t<div class=\"elementor-widget-container\">\n\t\t\t\t\t<h2 class=\"elementor-heading-title elementor-size-default\">Le podcast mince alors ! vous a convaincu qu'il existe une autre maniere d'envisager le bien etre alimentaire ?<\/h2>\t\t\t\t<\/div>\n\t\t\t\t<\/div>\n\t\t\t\t<div class=\"elementor-element elementor-element-d7d6885 elementor-widget elementor-widget-text-editor\" data-id=\"d7d6885\" data-element_type=\"widget\" data-widget_type=\"text-editor.default\">\n\t\t\t\t<div class=\"elementor-widget-container\">\n\t\t\t\t\t\t\t\t\t<p>Vous pouvez me consulter pour une s\u00e9ance individuelle en pr\u00e9sentielle ou en visioconf\u00e9rence.<br>Mon cabinet est situ\u00e9 dans la commune de Carpentras dans le Vaucluse.<\/p>\t\t\t\t\t\t\t\t<\/div>\n\t\t\t\t<\/div>\n\t\t\t\t\t<\/div>\n\t\t<\/div>\n\t\t\t\t\t<\/div>\n\t\t<\/section>\n\t\t\t\t<section class=\"elementor-section elementor-top-section elementor-element elementor-element-d9d96c9 elementor-section-boxed elementor-section-height-default elementor-section-height-default wpr-particle-no wpr-jarallax-no wpr-parallax-no wpr-sticky-section-no wpr-equal-height-no\" data-id=\"d9d96c9\" data-element_type=\"section\">\n\t\t\t\t\t\t<div class=\"elementor-container elementor-column-gap-default\">\n\t\t\t\t\t<div class=\"elementor-column elementor-col-100 elementor-top-column elementor-element elementor-element-5800b9f\" data-id=\"5800b9f\" data-element_type=\"column\">\n\t\t\t<div class=\"elementor-widget-wrap elementor-element-populated\">\n\t\t\t\t\t\t<div class=\"elementor-element elementor-element-33ac211 elementor-align-center elementor-widget elementor-widget-button\" data-id=\"33ac211\" data-element_type=\"widget\" data-widget_type=\"button.default\">\n\t\t\t\t<div class=\"elementor-widget-container\">\n\t\t\t\t\t\t\t\t\t<div class=\"elementor-button-wrapper\">\n\t\t\t\t\t<a class=\"elementor-button elementor-button-link elementor-size-sm\" href=\"https:\/\/www.madietenligne.fr\/annuaire\/amandine-perrichon\/reservation\">\n\t\t\t\t\t\t<span class=\"elementor-button-content-wrapper\">\n\t\t\t\t\t\t\t\t\t<span class=\"elementor-button-text\">PRENDRE RENDEZ-VOUS<\/span>\n\t\t\t\t\t<\/span>\n\t\t\t\t\t<\/a>\n\t\t\t\t<\/div>\n\t\t\t\t\t\t\t\t<\/div>\n\t\t\t\t<\/div>\n\t\t\t\t<div class=\"elementor-element elementor-element-baa8654 elementor-align-center elementor-widget elementor-widget-button\" data-id=\"baa8654\" data-element_type=\"widget\" data-widget_type=\"button.default\">\n\t\t\t\t<div class=\"elementor-widget-container\">\n\t\t\t\t\t\t\t\t\t<div class=\"elementor-button-wrapper\">\n\t\t\t\t\t<a class=\"elementor-button elementor-button-link elementor-size-sm\" href=\"https:\/\/psychodietetique.fr\/index.php\/la-psycho-nutrition\/\">\n\t\t\t\t\t\t<span class=\"elementor-button-content-wrapper\">\n\t\t\t\t\t\t\t\t\t<span class=\"elementor-button-text\">en savoir plus<\/span>\n\t\t\t\t\t<\/span>\n\t\t\t\t\t<\/a>\n\t\t\t\t<\/div>\n\t\t\t\t\t\t\t\t<\/div>\n\t\t\t\t<\/div>\n\t\t\t\t\t<\/div>\n\t\t<\/div>\n\t\t\t\t\t<\/div>\n\t\t<\/section>\n\t\t\t\t<section class=\"elementor-section elementor-top-section elementor-element elementor-element-357fd71 elementor-section-boxed elementor-section-height-default elementor-section-height-default wpr-particle-no wpr-jarallax-no wpr-parallax-no wpr-sticky-section-no wpr-equal-height-no\" data-id=\"357fd71\" data-element_type=\"section\">\n\t\t\t\t\t\t<div class=\"elementor-container elementor-column-gap-default\">\n\t\t\t\t\t<div class=\"elementor-column elementor-col-100 elementor-top-column elementor-element elementor-element-55eacc3\" data-id=\"55eacc3\" data-element_type=\"column\">\n\t\t\t<div class=\"elementor-widget-wrap\">\n\t\t\t\t\t\t\t<\/div>\n\t\t<\/div>\n\t\t\t\t\t<\/div>\n\t\t<\/section>\n\t\t\t\t<\/div>\n\t\t","protected":false},"excerpt":{"rendered":"<p>Mince Alors ! &#8211; Le Podcast Le podcast Mince Alors ! est pour tous ceux qui souhaitent mincir durablement sans r\u00e9gime, sans effets yoyo et sans frustrations. Avec mon approche holistique, je vous accompagne afin que vous puissiez am\u00e9liorer votre relation \u00e0 l\u2019alimentation et trouver ou retrouver votre poids d\u2019\u00e9quilibre ainsi qu&#8217;\u00e0 vous sentir pleinement \u00e9panouies dans votre corps. Vous pouvez me retrouver sur votre plateforme pr\u00e9f\u00e9r\u00e9e. Tous les episodes Le podcast mince alors ! vous a convaincu qu&#8217;il existe une autre maniere d&#8217;envisager le bien etre alimentaire ? Vous pouvez me consulter pour une s\u00e9ance individuelle en pr\u00e9sentielle ou en visioconf\u00e9rence.Mon cabinet est situ\u00e9 dans la commune de Carpentras dans le Vaucluse. PRENDRE RENDEZ-VOUS en savoir plus<\/p>\n","protected":false},"author":2,"featured_media":0,"parent":0,"menu_order":0,"comment_status":"closed","ping_status":"closed","template":"","meta":{"ocean_post_layout":"","ocean_both_sidebars_style":"","ocean_both_sidebars_content_width":0,"ocean_both_sidebars_sidebars_width":0,"ocean_sidebar":"0","ocean_second_sidebar":"0","ocean_disable_margins":"enable","ocean_add_body_class":"","ocean_shortcode_before_top_bar":"","ocean_shortcode_after_top_bar":"","ocean_shortcode_before_header":"","ocean_shortcode_after_header":"","ocean_has_shortcode":"","ocean_shortcode_after_title":"","ocean_shortcode_before_footer_widgets":"","ocean_shortcode_after_footer_widgets":"","ocean_shortcode_before_footer_bottom":"","ocean_shortcode_after_footer_bottom":"","ocean_display_top_bar":"default","ocean_display_header":"default","ocean_header_style":"","ocean_center_header_left_menu":"0","ocean_custom_header_template":"0","ocean_custom_logo":0,"ocean_custom_retina_logo":0,"ocean_custom_logo_max_width":0,"ocean_custom_logo_tablet_max_width":0,"ocean_custom_logo_mobile_max_width":0,"ocean_custom_logo_max_height":0,"ocean_custom_logo_tablet_max_height":0,"ocean_custom_logo_mobile_max_height":0,"ocean_header_custom_menu":"0","ocean_menu_typo_font_family":"0","ocean_menu_typo_font_subset":"","ocean_menu_typo_font_size":0,"ocean_menu_typo_font_size_tablet":0,"ocean_menu_typo_font_size_mobile":0,"ocean_menu_typo_font_size_unit":"px","ocean_menu_typo_font_weight":"","ocean_menu_typo_font_weight_tablet":"","ocean_menu_typo_font_weight_mobile":"","ocean_menu_typo_transform":"","ocean_menu_typo_transform_tablet":"","ocean_menu_typo_transform_mobile":"","ocean_menu_typo_line_height":0,"ocean_menu_typo_line_height_tablet":0,"ocean_menu_typo_line_height_mobile":0,"ocean_menu_typo_line_height_unit":"","ocean_menu_typo_spacing":0,"ocean_menu_typo_spacing_tablet":0,"ocean_menu_typo_spacing_mobile":0,"ocean_menu_typo_spacing_unit":"","ocean_menu_link_color":"","ocean_menu_link_color_hover":"","ocean_menu_link_color_active":"","ocean_menu_link_background":"","ocean_menu_link_hover_background":"","ocean_menu_link_active_background":"","ocean_menu_social_links_bg":"","ocean_menu_social_hover_links_bg":"","ocean_menu_social_links_color":"","ocean_menu_social_hover_links_color":"","ocean_disable_title":"default","ocean_disable_heading":"default","ocean_post_title":"","ocean_post_subheading":"","ocean_post_title_style":"","ocean_post_title_background_color":"","ocean_post_title_background":0,"ocean_post_title_bg_image_position":"","ocean_post_title_bg_image_attachment":"","ocean_post_title_bg_image_repeat":"","ocean_post_title_bg_image_size":"","ocean_post_title_height":0,"ocean_post_title_bg_overlay":0.5,"ocean_post_title_bg_overlay_color":"","ocean_disable_breadcrumbs":"default","ocean_breadcrumbs_color":"","ocean_breadcrumbs_separator_color":"","ocean_breadcrumbs_links_color":"","ocean_breadcrumbs_links_hover_color":"","ocean_display_footer_widgets":"default","ocean_display_footer_bottom":"default","ocean_custom_footer_template":"0","footnotes":""},"yoast_head":"<!-- This site is optimized with the Yoast SEO plugin v23.5 - https:\/\/yoast.com\/wordpress\/plugins\/seo\/ -->\n<title>Le podcast Mince Alors ! - Psychodi\u00e9t\u00e9tique.fr<\/title>\n<meta name=\"description\" content=\"Retrouver le podcast mince alors ! Le podcast de ceux qui souhaitent mincir durablement sans r\u00e9gime, sans effets yoyo et sans frustrations.\" \/>\n<meta name=\"robots\" content=\"index, follow, max-snippet:-1, max-image-preview:large, max-video-preview:-1\" \/>\n<link rel=\"canonical\" href=\"https:\/\/psychodietetique.fr\/index.php\/podcast-mince-alors\/\" \/>\n<meta property=\"og:locale\" content=\"en_US\" \/>\n<meta property=\"og:type\" content=\"article\" \/>\n<meta property=\"og:title\" content=\"Le podcast Mince Alors ! - Psychodi\u00e9t\u00e9tique.fr\" \/>\n<meta property=\"og:description\" content=\"Retrouver le podcast mince alors ! Le podcast de ceux qui souhaitent mincir durablement sans r\u00e9gime, sans effets yoyo et sans frustrations.\" \/>\n<meta property=\"og:url\" content=\"https:\/\/psychodietetique.fr\/index.php\/podcast-mince-alors\/\" \/>\n<meta property=\"og:site_name\" content=\"Psychodi\u00e9t\u00e9tique.fr\" \/>\n<meta property=\"article:modified_time\" content=\"2026-04-22T08:34:32+00:00\" \/>\n<meta property=\"og:image\" content=\"https:\/\/psychodietetique.fr\/wp-content\/uploads\/2023\/08\/Alors--1024x1024.jpg\" \/>\n<meta name=\"twitter:card\" content=\"summary_large_image\" \/>\n<meta name=\"twitter:label1\" content=\"Est. reading time\" \/>\n\t<meta name=\"twitter:data1\" content=\"1 minute\" \/>\n<script type=\"application\/ld+json\" class=\"yoast-schema-graph\">{\"@context\":\"https:\/\/schema.org\",\"@graph\":[{\"@type\":\"WebPage\",\"@id\":\"https:\/\/psychodietetique.fr\/index.php\/podcast-mince-alors\/\",\"url\":\"https:\/\/psychodietetique.fr\/index.php\/podcast-mince-alors\/\",\"name\":\"Le podcast Mince Alors ! - Psychodi\u00e9t\u00e9tique.fr\",\"isPartOf\":{\"@id\":\"https:\/\/psychodietetique.fr\/#website\"},\"primaryImageOfPage\":{\"@id\":\"https:\/\/psychodietetique.fr\/index.php\/podcast-mince-alors\/#primaryimage\"},\"image\":{\"@id\":\"https:\/\/psychodietetique.fr\/index.php\/podcast-mince-alors\/#primaryimage\"},\"thumbnailUrl\":\"https:\/\/psychodietetique.fr\/wp-content\/uploads\/2023\/08\/Alors--1024x1024.jpg\",\"datePublished\":\"2023-08-28T05:05:28+00:00\",\"dateModified\":\"2026-04-22T08:34:32+00:00\",\"description\":\"Retrouver le podcast mince alors ! Le podcast de ceux qui souhaitent mincir durablement sans r\u00e9gime, sans effets yoyo et sans frustrations.\",\"breadcrumb\":{\"@id\":\"https:\/\/psychodietetique.fr\/index.php\/podcast-mince-alors\/#breadcrumb\"},\"inLanguage\":\"en-US\",\"potentialAction\":[{\"@type\":\"ReadAction\",\"target\":[\"https:\/\/psychodietetique.fr\/index.php\/podcast-mince-alors\/\"]}]},{\"@type\":\"ImageObject\",\"inLanguage\":\"en-US\",\"@id\":\"https:\/\/psychodietetique.fr\/index.php\/podcast-mince-alors\/#primaryimage\",\"url\":\"https:\/\/psychodietetique.fr\/wp-content\/uploads\/2023\/08\/Alors-.jpg\",\"contentUrl\":\"https:\/\/psychodietetique.fr\/wp-content\/uploads\/2023\/08\/Alors-.jpg\",\"width\":1400,\"height\":1400,\"caption\":\"Mnce alors ! le podcast\"},{\"@type\":\"BreadcrumbList\",\"@id\":\"https:\/\/psychodietetique.fr\/index.php\/podcast-mince-alors\/#breadcrumb\",\"itemListElement\":[{\"@type\":\"ListItem\",\"position\":1,\"name\":\"Accueil\",\"item\":\"https:\/\/psychodietetique.fr\/\"},{\"@type\":\"ListItem\",\"position\":2,\"name\":\"Le podcast Mince Alors !\"}]},{\"@type\":\"WebSite\",\"@id\":\"https:\/\/psychodietetique.fr\/#website\",\"url\":\"https:\/\/psychodietetique.fr\/\",\"name\":\"Psychodi\u00e9t\u00e9tique.fr\",\"description\":\"Di\u00e9t\u00e9ticienne-Nutrionniste\",\"publisher\":{\"@id\":\"https:\/\/psychodietetique.fr\/#organization\"},\"potentialAction\":[{\"@type\":\"SearchAction\",\"target\":{\"@type\":\"EntryPoint\",\"urlTemplate\":\"https:\/\/psychodietetique.fr\/?s={search_term_string}\"},\"query-input\":{\"@type\":\"PropertyValueSpecification\",\"valueRequired\":true,\"valueName\":\"search_term_string\"}}],\"inLanguage\":\"en-US\"},{\"@type\":\"Organization\",\"@id\":\"https:\/\/psychodietetique.fr\/#organization\",\"name\":\"Psychodi\u00e9t\u00e9tique.fr\",\"url\":\"https:\/\/psychodietetique.fr\/\",\"logo\":{\"@type\":\"ImageObject\",\"inLanguage\":\"en-US\",\"@id\":\"https:\/\/psychodietetique.fr\/#\/schema\/logo\/image\/\",\"url\":\"https:\/\/psychodietetique.fr\/wp-content\/uploads\/2023\/08\/Logo-seul-transparent-1.png\",\"contentUrl\":\"https:\/\/psychodietetique.fr\/wp-content\/uploads\/2023\/08\/Logo-seul-transparent-1.png\",\"width\":1000,\"height\":1000,\"caption\":\"Psychodi\u00e9t\u00e9tique.fr\"},\"image\":{\"@id\":\"https:\/\/psychodietetique.fr\/#\/schema\/logo\/image\/\"}}]}<\/script>\n<!-- \/ Yoast SEO plugin. -->","yoast_head_json":{"title":"Le podcast Mince Alors ! - Psychodi\u00e9t\u00e9tique.fr","description":"Retrouver le podcast mince alors ! Le podcast de ceux qui souhaitent mincir durablement sans r\u00e9gime, sans effets yoyo et sans frustrations.","robots":{"index":"index","follow":"follow","max-snippet":"max-snippet:-1","max-image-preview":"max-image-preview:large","max-video-preview":"max-video-preview:-1"},"canonical":"https:\/\/psychodietetique.fr\/index.php\/podcast-mince-alors\/","og_locale":"en_US","og_type":"article","og_title":"Le podcast Mince Alors ! - Psychodi\u00e9t\u00e9tique.fr","og_description":"Retrouver le podcast mince alors ! Le podcast de ceux qui souhaitent mincir durablement sans r\u00e9gime, sans effets yoyo et sans frustrations.","og_url":"https:\/\/psychodietetique.fr\/index.php\/podcast-mince-alors\/","og_site_name":"Psychodi\u00e9t\u00e9tique.fr","article_modified_time":"2026-04-22T08:34:32+00:00","og_image":[{"url":"https:\/\/psychodietetique.fr\/wp-content\/uploads\/2023\/08\/Alors--1024x1024.jpg"}],"twitter_card":"summary_large_image","twitter_misc":{"Est. reading time":"1 minute"},"schema":{"@context":"https:\/\/schema.org","@graph":[{"@type":"WebPage","@id":"https:\/\/psychodietetique.fr\/index.php\/podcast-mince-alors\/","url":"https:\/\/psychodietetique.fr\/index.php\/podcast-mince-alors\/","name":"Le podcast Mince Alors ! - Psychodi\u00e9t\u00e9tique.fr","isPartOf":{"@id":"https:\/\/psychodietetique.fr\/#website"},"primaryImageOfPage":{"@id":"https:\/\/psychodietetique.fr\/index.php\/podcast-mince-alors\/#primaryimage"},"image":{"@id":"https:\/\/psychodietetique.fr\/index.php\/podcast-mince-alors\/#primaryimage"},"thumbnailUrl":"https:\/\/psychodietetique.fr\/wp-content\/uploads\/2023\/08\/Alors--1024x1024.jpg","datePublished":"2023-08-28T05:05:28+00:00","dateModified":"2026-04-22T08:34:32+00:00","description":"Retrouver le podcast mince alors ! Le podcast de ceux qui souhaitent mincir durablement sans r\u00e9gime, sans effets yoyo et sans frustrations.","breadcrumb":{"@id":"https:\/\/psychodietetique.fr\/index.php\/podcast-mince-alors\/#breadcrumb"},"inLanguage":"en-US","potentialAction":[{"@type":"ReadAction","target":["https:\/\/psychodietetique.fr\/index.php\/podcast-mince-alors\/"]}]},{"@type":"ImageObject","inLanguage":"en-US","@id":"https:\/\/psychodietetique.fr\/index.php\/podcast-mince-alors\/#primaryimage","url":"https:\/\/psychodietetique.fr\/wp-content\/uploads\/2023\/08\/Alors-.jpg","contentUrl":"https:\/\/psychodietetique.fr\/wp-content\/uploads\/2023\/08\/Alors-.jpg","width":1400,"height":1400,"caption":"Mnce alors ! le podcast"},{"@type":"BreadcrumbList","@id":"https:\/\/psychodietetique.fr\/index.php\/podcast-mince-alors\/#breadcrumb","itemListElement":[{"@type":"ListItem","position":1,"name":"Accueil","item":"https:\/\/psychodietetique.fr\/"},{"@type":"ListItem","position":2,"name":"Le podcast Mince Alors !"}]},{"@type":"WebSite","@id":"https:\/\/psychodietetique.fr\/#website","url":"https:\/\/psychodietetique.fr\/","name":"Psychodi\u00e9t\u00e9tique.fr","description":"Di\u00e9t\u00e9ticienne-Nutrionniste","publisher":{"@id":"https:\/\/psychodietetique.fr\/#organization"},"potentialAction":[{"@type":"SearchAction","target":{"@type":"EntryPoint","urlTemplate":"https:\/\/psychodietetique.fr\/?s={search_term_string}"},"query-input":{"@type":"PropertyValueSpecification","valueRequired":true,"valueName":"search_term_string"}}],"inLanguage":"en-US"},{"@type":"Organization","@id":"https:\/\/psychodietetique.fr\/#organization","name":"Psychodi\u00e9t\u00e9tique.fr","url":"https:\/\/psychodietetique.fr\/","logo":{"@type":"ImageObject","inLanguage":"en-US","@id":"https:\/\/psychodietetique.fr\/#\/schema\/logo\/image\/","url":"https:\/\/psychodietetique.fr\/wp-content\/uploads\/2023\/08\/Logo-seul-transparent-1.png","contentUrl":"https:\/\/psychodietetique.fr\/wp-content\/uploads\/2023\/08\/Logo-seul-transparent-1.png","width":1000,"height":1000,"caption":"Psychodi\u00e9t\u00e9tique.fr"},"image":{"@id":"https:\/\/psychodietetique.fr\/#\/schema\/logo\/image\/"}}]}},"_links":{"self":[{"href":"https:\/\/psychodietetique.fr\/index.php\/wp-json\/wp\/v2\/pages\/1255"}],"collection":[{"href":"https:\/\/psychodietetique.fr\/index.php\/wp-json\/wp\/v2\/pages"}],"about":[{"href":"https:\/\/psychodietetique.fr\/index.php\/wp-json\/wp\/v2\/types\/page"}],"author":[{"embeddable":true,"href":"https:\/\/psychodietetique.fr\/index.php\/wp-json\/wp\/v2\/users\/2"}],"replies":[{"embeddable":true,"href":"https:\/\/psychodietetique.fr\/index.php\/wp-json\/wp\/v2\/comments?post=1255"}],"version-history":[{"count":29,"href":"https:\/\/psychodietetique.fr\/index.php\/wp-json\/wp\/v2\/pages\/1255\/revisions"}],"predecessor-version":[{"id":5270,"href":"https:\/\/psychodietetique.fr\/index.php\/wp-json\/wp\/v2\/pages\/1255\/revisions\/5270"}],"wp:attachment":[{"href":"https:\/\/psychodietetique.fr\/index.php\/wp-json\/wp\/v2\/media?parent=1255"}],"curies":[{"name":"wp","href":"https:\/\/api.w.org\/{rel}","templated":true}]}}